{"id":8,"date":"2025-07-07T15:22:04","date_gmt":"2025-07-07T15:22:04","guid":{"rendered":"https:\/\/micasamovilwb.rkinformatika.online\/?page_id=8"},"modified":"2025-07-08T09:23:38","modified_gmt":"2025-07-08T09:23:38","slug":"servicios","status":"publish","type":"page","link":"https:\/\/micasamovilwb.com\/en\/servicios\/","title":{"rendered":"Services"},"content":{"rendered":"<div data-elementor-type=\"wp-page\" data-elementor-id=\"8\" class=\"elementor elementor-8\" data-elementor-post-type=\"page\">\n\t\t\t\t<div class=\"elementor-element elementor-element-6999748 e-flex e-con-boxed e-con e-parent\" data-id=\"6999748\" data-element_type=\"container\" data-e-type=\"container\" data-settings=\"{&quot;background_background&quot;:&quot;classic&quot;}\">\n\t\t\t\t\t<div class=\"e-con-inner\">\n\t\t\t\t<div class=\"elementor-element elementor-element-987db62 elementor-icon-list--layout-inline elementor-align-center elementor-list-item-link-full_width elementor-widget elementor-widget-icon-list\" data-id=\"987db62\" data-element_type=\"widget\" data-e-type=\"widget\" data-widget_type=\"icon-list.default\">\n\t\t\t\t\t\t\t<ul class=\"elementor-icon-list-items elementor-inline-items\">\n\t\t\t\t\t\t\t<li class=\"elementor-icon-list-item elementor-inline-item\">\n\t\t\t\t\t\t\t\t\t\t\t<a href=\"https:\/\/micasamovilwb.com\/en\" target=\"_blank\">\n\n\t\t\t\t\t\t\t\t\t\t\t<span class=\"elementor-icon-list-text\">Home<\/span>\n\t\t\t\t\t\t\t\t\t\t\t<\/a>\n\t\t\t\t\t\t\t\t\t<\/li>\n\t\t\t\t\t\t\t\t<li class=\"elementor-icon-list-item elementor-inline-item\">\n\t\t\t\t\t\t\t\t\t\t\t<span class=\"elementor-icon-list-icon\">\n\t\t\t\t\t\t\t<svg aria-hidden=\"true\" class=\"e-font-icon-svg e-fas-caret-right\" viewbox=\"0 0 192 512\" xmlns=\"http:\/\/www.w3.org\/2000\/svg\"><path d=\"M0 384.662V127.338c0-17.818 21.543-26.741 34.142-14.142l128.662 128.662c7.81 7.81 7.81 20.474 0 28.284L34.142 398.804C21.543 411.404 0 402.48 0 384.662z\"><\/path><\/svg>\t\t\t\t\t\t<\/span>\n\t\t\t\t\t\t\t\t\t\t<span class=\"elementor-icon-list-text\">Services<\/span>\n\t\t\t\t\t\t\t\t\t<\/li>\n\t\t\t\t\t\t<\/ul>\n\t\t\t\t\t\t<\/div>\n\t\t\t\t\t<\/div>\n\t\t\t\t<\/div>\n\t\t<div class=\"elementor-element elementor-element-bdf4e16 e-flex e-con-boxed e-con e-parent\" data-id=\"bdf4e16\" data-element_type=\"container\" data-e-type=\"container\">\n\t\t\t\t\t<div class=\"e-con-inner\">\n\t\t<div class=\"elementor-element elementor-element-5264b15 e-con-full e-flex e-con e-child\" data-id=\"5264b15\" data-element_type=\"container\" data-e-type=\"container\" data-settings=\"{&quot;background_background&quot;:&quot;classic&quot;}\">\n\t\t\t\t<div class=\"elementor-element elementor-element-4872905 elementor-widget elementor-widget-image\" data-id=\"4872905\" data-element_type=\"widget\" data-e-type=\"widget\" data-widget_type=\"image.default\">\n\t\t\t\t\t\t\t\t\t\t\t\t\t\t\t<img fetchpriority=\"high\" decoding=\"async\" width=\"621\" height=\"378\" src=\"https:\/\/micasamovilwb.com\/wp-content\/uploads\/2025\/07\/Captura-desde-2025-07-08-10-54-51.png\" class=\"elementor-animation-bob attachment-large size-large wp-image-337\" alt=\"\" srcset=\"https:\/\/micasamovilwb.com\/wp-content\/uploads\/2025\/07\/Captura-desde-2025-07-08-10-54-51.png 621w, https:\/\/micasamovilwb.com\/wp-content\/uploads\/2025\/07\/Captura-desde-2025-07-08-10-54-51-300x183.png 300w, https:\/\/micasamovilwb.com\/wp-content\/uploads\/2025\/07\/Captura-desde-2025-07-08-10-54-51-18x12.png 18w\" sizes=\"(max-width: 621px) 100vw, 621px\" \/>\t\t\t\t\t\t\t\t\t\t\t\t\t\t\t<\/div>\n\t\t\t\t<div class=\"elementor-element elementor-element-e35031c elementor-widget elementor-widget-heading\" data-id=\"e35031c\" data-element_type=\"widget\" data-e-type=\"widget\" data-widget_type=\"heading.default\">\n\t\t\t\t\t<h2 class=\"elementor-heading-title elementor-size-default\">Vendo m\u00f3vil<\/h2>\t\t\t\t<\/div>\n\t\t\t\t<\/div>\n\t\t<div class=\"elementor-element elementor-element-cbc04e3 e-con-full e-flex e-con e-child\" data-id=\"cbc04e3\" data-element_type=\"container\" data-e-type=\"container\" data-settings=\"{&quot;background_background&quot;:&quot;classic&quot;}\">\n\t\t\t\t<div class=\"elementor-element elementor-element-7f01251 elementor-widget elementor-widget-image\" data-id=\"7f01251\" data-element_type=\"widget\" data-e-type=\"widget\" data-widget_type=\"image.default\">\n\t\t\t\t\t\t\t\t\t\t\t\t\t\t\t<img decoding=\"async\" width=\"621\" height=\"378\" src=\"https:\/\/micasamovilwb.com\/wp-content\/uploads\/2025\/07\/Captura-desde-2025-07-08-10-56-57.png\" class=\"elementor-animation-bob attachment-large size-large wp-image-338\" alt=\"\" srcset=\"https:\/\/micasamovilwb.com\/wp-content\/uploads\/2025\/07\/Captura-desde-2025-07-08-10-56-57.png 621w, https:\/\/micasamovilwb.com\/wp-content\/uploads\/2025\/07\/Captura-desde-2025-07-08-10-56-57-300x183.png 300w, https:\/\/micasamovilwb.com\/wp-content\/uploads\/2025\/07\/Captura-desde-2025-07-08-10-56-57-18x12.png 18w\" sizes=\"(max-width: 621px) 100vw, 621px\" \/>\t\t\t\t\t\t\t\t\t\t\t\t\t\t\t<\/div>\n\t\t\t\t<div class=\"elementor-element elementor-element-d7557ae elementor-widget elementor-widget-heading\" data-id=\"d7557ae\" data-element_type=\"widget\" data-e-type=\"widget\" data-widget_type=\"heading.default\">\n\t\t\t\t\t<h2 class=\"elementor-heading-title elementor-size-default\">Reparaci\u00f3n m\u00f3vil<\/h2>\t\t\t\t<\/div>\n\t\t\t\t<\/div>\n\t\t<div class=\"elementor-element elementor-element-b0ecb11 e-con-full e-flex e-con e-child\" data-id=\"b0ecb11\" data-element_type=\"container\" data-e-type=\"container\" data-settings=\"{&quot;background_background&quot;:&quot;classic&quot;}\">\n\t\t\t\t<div class=\"elementor-element elementor-element-afcfbae elementor-widget elementor-widget-image\" data-id=\"afcfbae\" data-element_type=\"widget\" data-e-type=\"widget\" data-widget_type=\"image.default\">\n\t\t\t\t\t\t\t\t\t\t\t\t\t\t\t<img decoding=\"async\" width=\"621\" height=\"379\" src=\"https:\/\/micasamovilwb.com\/wp-content\/uploads\/2025\/07\/Captura-desde-2025-07-08-10-59-40.png\" class=\"elementor-animation-bob attachment-large size-large wp-image-341\" alt=\"\" srcset=\"https:\/\/micasamovilwb.com\/wp-content\/uploads\/2025\/07\/Captura-desde-2025-07-08-10-59-40.png 621w, https:\/\/micasamovilwb.com\/wp-content\/uploads\/2025\/07\/Captura-desde-2025-07-08-10-59-40-300x183.png 300w, https:\/\/micasamovilwb.com\/wp-content\/uploads\/2025\/07\/Captura-desde-2025-07-08-10-59-40-18x12.png 18w\" sizes=\"(max-width: 621px) 100vw, 621px\" \/>\t\t\t\t\t\t\t\t\t\t\t\t\t\t\t<\/div>\n\t\t\t\t<div class=\"elementor-element elementor-element-1a90363 elementor-widget elementor-widget-heading\" data-id=\"1a90363\" data-element_type=\"widget\" data-e-type=\"widget\" data-widget_type=\"heading.default\">\n\t\t\t\t\t<h2 class=\"elementor-heading-title elementor-size-default\">Accesorios m\u00f3viles<\/h2>\t\t\t\t<\/div>\n\t\t\t\t<\/div>\n\t\t\t\t\t<\/div>\n\t\t\t\t<\/div>\n\t\t<div class=\"elementor-element elementor-element-ff4d924 e-flex e-con-boxed e-con e-parent\" data-id=\"ff4d924\" data-element_type=\"container\" data-e-type=\"container\">\n\t\t\t\t\t<div class=\"e-con-inner\">\n\t\t<div class=\"elementor-element elementor-element-e481302 e-con-full e-flex e-con e-child\" data-id=\"e481302\" data-element_type=\"container\" data-e-type=\"container\" data-settings=\"{&quot;background_background&quot;:&quot;classic&quot;}\">\n\t\t\t\t<div class=\"elementor-element elementor-element-8acee9a elementor-widget elementor-widget-heading\" data-id=\"8acee9a\" data-element_type=\"widget\" data-e-type=\"widget\" data-widget_type=\"heading.default\">\n\t\t\t\t\t<h2 class=\"elementor-heading-title elementor-size-default\">\u00bfQuieres comprar el m\u00f3vil, la funda o reparar tu m\u00f3vil?<\/h2>\t\t\t\t<\/div>\n\t\t\t\t<div class=\"elementor-element elementor-element-c393276 elementor-view-default elementor-widget elementor-widget-icon\" data-id=\"c393276\" data-element_type=\"widget\" data-e-type=\"widget\" data-widget_type=\"icon.default\">\n\t\t\t\t\t\t\t<div class=\"elementor-icon-wrapper\">\n\t\t\t<div class=\"elementor-icon\">\n\t\t\t<svg aria-hidden=\"true\" class=\"e-font-icon-svg e-fas-arrow-down\" viewbox=\"0 0 448 512\" xmlns=\"http:\/\/www.w3.org\/2000\/svg\"><path d=\"M413.1 222.5l22.2 22.2c9.4 9.4 9.4 24.6 0 33.9L241 473c-9.4 9.4-24.6 9.4-33.9 0L12.7 278.6c-9.4-9.4-9.4-24.6 0-33.9l22.2-22.2c9.5-9.5 25-9.3 34.3.4L184 343.4V56c0-13.3 10.7-24 24-24h32c13.3 0 24 10.7 24 24v287.4l114.8-120.5c9.3-9.8 24.8-10 34.3-.4z\"><\/path><\/svg>\t\t\t<\/div>\n\t\t<\/div>\n\t\t\t\t\t\t<\/div>\n\t\t\t\t<div class=\"elementor-element elementor-element-85fcd35 elementor-align-center elementor-widget elementor-widget-button\" data-id=\"85fcd35\" data-element_type=\"widget\" data-e-type=\"widget\" data-widget_type=\"button.default\">\n\t\t\t\t\t\t\t\t\t\t<a class=\"elementor-button elementor-button-link elementor-size-sm elementor-animation-grow\" href=\"tel:%20+34%20673%20908%20848\">\n\t\t\t\t\t\t<span class=\"elementor-button-content-wrapper\">\n\t\t\t\t\t\t\t\t\t<span class=\"elementor-button-text\">llamanos<\/span>\n\t\t\t\t\t<\/span>\n\t\t\t\t\t<\/a>\n\t\t\t\t\t\t\t\t<\/div>\n\t\t\t\t<\/div>\n\t\t\t\t\t<\/div>\n\t\t\t\t<\/div>\n\t\t\t\t<\/div>","protected":false},"excerpt":{"rendered":"<p>Inicio Servicios Vendo m\u00f3vil Reparaci\u00f3n m\u00f3vil Accesorios m\u00f3viles \u00bfQuieres comprar el m\u00f3vil, la funda o reparar tu m\u00f3vil? llamanos<\/p>","protected":false},"author":1,"featured_media":0,"parent":0,"menu_order":0,"comment_status":"closed","ping_status":"closed","template":"elementor_canvas","meta":{"footnotes":""},"class_list":["post-8","page","type-page","status-publish","hentry"],"yoast_head":"<!-- This site is optimized with the Yoast SEO plugin v27.4 - https:\/\/yoast.com\/product\/yoast-seo-wordpress\/ -->\n<title>Servicios - micasamovil<\/title>\n<meta name=\"robots\" content=\"index, follow, max-snippet:-1, max-image-preview:large, max-video-preview:-1\" \/>\n<link rel=\"canonical\" href=\"https:\/\/micasamovilwb.com\/en\/servicios\/\" \/>\n<meta property=\"og:locale\" content=\"en_GB\" \/>\n<meta property=\"og:type\" content=\"article\" \/>\n<meta property=\"og:title\" content=\"Servicios - micasamovil\" \/>\n<meta property=\"og:description\" content=\"Inicio Servicios Vendo m\u00f3vil Reparaci\u00f3n m\u00f3vil Accesorios m\u00f3viles \u00bfQuieres comprar el m\u00f3vil, la funda o reparar tu m\u00f3vil? llamanos\" \/>\n<meta property=\"og:url\" content=\"https:\/\/micasamovilwb.com\/en\/servicios\/\" \/>\n<meta property=\"og:site_name\" content=\"micasamovil\" \/>\n<meta property=\"article:modified_time\" content=\"2025-07-08T09:23:38+00:00\" \/>\n<meta property=\"og:image\" content=\"https:\/\/micasamovilwb.com\/wp-content\/uploads\/2025\/07\/Captura-desde-2025-07-08-10-54-51.png\" \/>\n<meta name=\"twitter:card\" content=\"summary_large_image\" \/>\n<meta name=\"twitter:label1\" content=\"Estimated reading time\" \/>\n\t<meta name=\"twitter:data1\" content=\"1 minute\" \/>\n<script type=\"application\/ld+json\" class=\"yoast-schema-graph\">{\"@context\":\"https:\\\/\\\/schema.org\",\"@graph\":[{\"@type\":\"WebPage\",\"@id\":\"https:\\\/\\\/micasamovilwb.com\\\/servicios\\\/\",\"url\":\"https:\\\/\\\/micasamovilwb.com\\\/servicios\\\/\",\"name\":\"Servicios - micasamovil\",\"isPartOf\":{\"@id\":\"https:\\\/\\\/micasamovilwb.com\\\/#website\"},\"primaryImageOfPage\":{\"@id\":\"https:\\\/\\\/micasamovilwb.com\\\/servicios\\\/#primaryimage\"},\"image\":{\"@id\":\"https:\\\/\\\/micasamovilwb.com\\\/servicios\\\/#primaryimage\"},\"thumbnailUrl\":\"https:\\\/\\\/micasamovilwb.com\\\/wp-content\\\/uploads\\\/2025\\\/07\\\/Captura-desde-2025-07-08-10-54-51.png\",\"datePublished\":\"2025-07-07T15:22:04+00:00\",\"dateModified\":\"2025-07-08T09:23:38+00:00\",\"breadcrumb\":{\"@id\":\"https:\\\/\\\/micasamovilwb.com\\\/servicios\\\/#breadcrumb\"},\"inLanguage\":\"en-GB\",\"potentialAction\":[{\"@type\":\"ReadAction\",\"target\":[\"https:\\\/\\\/micasamovilwb.com\\\/servicios\\\/\"]}]},{\"@type\":\"ImageObject\",\"inLanguage\":\"en-GB\",\"@id\":\"https:\\\/\\\/micasamovilwb.com\\\/servicios\\\/#primaryimage\",\"url\":\"https:\\\/\\\/micasamovilwb.com\\\/wp-content\\\/uploads\\\/2025\\\/07\\\/Captura-desde-2025-07-08-10-54-51.png\",\"contentUrl\":\"https:\\\/\\\/micasamovilwb.com\\\/wp-content\\\/uploads\\\/2025\\\/07\\\/Captura-desde-2025-07-08-10-54-51.png\"},{\"@type\":\"BreadcrumbList\",\"@id\":\"https:\\\/\\\/micasamovilwb.com\\\/servicios\\\/#breadcrumb\",\"itemListElement\":[{\"@type\":\"ListItem\",\"position\":1,\"name\":\"Portada\",\"item\":\"https:\\\/\\\/micasamovilwb.com\\\/\"},{\"@type\":\"ListItem\",\"position\":2,\"name\":\"Servicios\"}]},{\"@type\":\"WebSite\",\"@id\":\"https:\\\/\\\/micasamovilwb.com\\\/#website\",\"url\":\"https:\\\/\\\/micasamovilwb.com\\\/\",\"name\":\"micasamovil\",\"description\":\"\",\"publisher\":{\"@id\":\"https:\\\/\\\/micasamovilwb.com\\\/#organization\"},\"potentialAction\":[{\"@type\":\"SearchAction\",\"target\":{\"@type\":\"EntryPoint\",\"urlTemplate\":\"https:\\\/\\\/micasamovilwb.com\\\/?s={search_term_string}\"},\"query-input\":{\"@type\":\"PropertyValueSpecification\",\"valueRequired\":true,\"valueName\":\"search_term_string\"}}],\"inLanguage\":\"en-GB\"},{\"@type\":\"Organization\",\"@id\":\"https:\\\/\\\/micasamovilwb.com\\\/#organization\",\"name\":\"micasamovil\",\"url\":\"https:\\\/\\\/micasamovilwb.com\\\/\",\"logo\":{\"@type\":\"ImageObject\",\"inLanguage\":\"en-GB\",\"@id\":\"https:\\\/\\\/micasamovilwb.com\\\/#\\\/schema\\\/logo\\\/image\\\/\",\"url\":\"https:\\\/\\\/micasamovilwb.com\\\/wp-content\\\/uploads\\\/2025\\\/07\\\/cropped-1-e1751903072385.png\",\"contentUrl\":\"https:\\\/\\\/micasamovilwb.com\\\/wp-content\\\/uploads\\\/2025\\\/07\\\/cropped-1-e1751903072385.png\",\"width\":483,\"height\":177,\"caption\":\"micasamovil\"},\"image\":{\"@id\":\"https:\\\/\\\/micasamovilwb.com\\\/#\\\/schema\\\/logo\\\/image\\\/\"}}]}<\/script>\n<!-- \/ Yoast SEO plugin. -->","yoast_head_json":{"title":"Servicios - micasamovil","robots":{"index":"index","follow":"follow","max-snippet":"max-snippet:-1","max-image-preview":"max-image-preview:large","max-video-preview":"max-video-preview:-1"},"canonical":"https:\/\/micasamovilwb.com\/en\/servicios\/","og_locale":"en_GB","og_type":"article","og_title":"Servicios - micasamovil","og_description":"Inicio Servicios Vendo m\u00f3vil Reparaci\u00f3n m\u00f3vil Accesorios m\u00f3viles \u00bfQuieres comprar el m\u00f3vil, la funda o reparar tu m\u00f3vil? llamanos","og_url":"https:\/\/micasamovilwb.com\/en\/servicios\/","og_site_name":"micasamovil","article_modified_time":"2025-07-08T09:23:38+00:00","og_image":[{"url":"https:\/\/micasamovilwb.com\/wp-content\/uploads\/2025\/07\/Captura-desde-2025-07-08-10-54-51.png","type":"","width":"","height":""}],"twitter_card":"summary_large_image","twitter_misc":{"Estimated reading time":"1 minute"},"schema":{"@context":"https:\/\/schema.org","@graph":[{"@type":"WebPage","@id":"https:\/\/micasamovilwb.com\/servicios\/","url":"https:\/\/micasamovilwb.com\/servicios\/","name":"Servicios - micasamovil","isPartOf":{"@id":"https:\/\/micasamovilwb.com\/#website"},"primaryImageOfPage":{"@id":"https:\/\/micasamovilwb.com\/servicios\/#primaryimage"},"image":{"@id":"https:\/\/micasamovilwb.com\/servicios\/#primaryimage"},"thumbnailUrl":"https:\/\/micasamovilwb.com\/wp-content\/uploads\/2025\/07\/Captura-desde-2025-07-08-10-54-51.png","datePublished":"2025-07-07T15:22:04+00:00","dateModified":"2025-07-08T09:23:38+00:00","breadcrumb":{"@id":"https:\/\/micasamovilwb.com\/servicios\/#breadcrumb"},"inLanguage":"en-GB","potentialAction":[{"@type":"ReadAction","target":["https:\/\/micasamovilwb.com\/servicios\/"]}]},{"@type":"ImageObject","inLanguage":"en-GB","@id":"https:\/\/micasamovilwb.com\/servicios\/#primaryimage","url":"https:\/\/micasamovilwb.com\/wp-content\/uploads\/2025\/07\/Captura-desde-2025-07-08-10-54-51.png","contentUrl":"https:\/\/micasamovilwb.com\/wp-content\/uploads\/2025\/07\/Captura-desde-2025-07-08-10-54-51.png"},{"@type":"BreadcrumbList","@id":"https:\/\/micasamovilwb.com\/servicios\/#breadcrumb","itemListElement":[{"@type":"ListItem","position":1,"name":"Portada","item":"https:\/\/micasamovilwb.com\/"},{"@type":"ListItem","position":2,"name":"Servicios"}]},{"@type":"WebSite","@id":"https:\/\/micasamovilwb.com\/#website","url":"https:\/\/micasamovilwb.com\/","name":"micasamovil","description":"","publisher":{"@id":"https:\/\/micasamovilwb.com\/#organization"},"potentialAction":[{"@type":"SearchAction","target":{"@type":"EntryPoint","urlTemplate":"https:\/\/micasamovilwb.com\/?s={search_term_string}"},"query-input":{"@type":"PropertyValueSpecification","valueRequired":true,"valueName":"search_term_string"}}],"inLanguage":"en-GB"},{"@type":"Organization","@id":"https:\/\/micasamovilwb.com\/#organization","name":"micasamovil","url":"https:\/\/micasamovilwb.com\/","logo":{"@type":"ImageObject","inLanguage":"en-GB","@id":"https:\/\/micasamovilwb.com\/#\/schema\/logo\/image\/","url":"https:\/\/micasamovilwb.com\/wp-content\/uploads\/2025\/07\/cropped-1-e1751903072385.png","contentUrl":"https:\/\/micasamovilwb.com\/wp-content\/uploads\/2025\/07\/cropped-1-e1751903072385.png","width":483,"height":177,"caption":"micasamovil"},"image":{"@id":"https:\/\/micasamovilwb.com\/#\/schema\/logo\/image\/"}}]}},"_links":{"self":[{"href":"https:\/\/micasamovilwb.com\/en\/wp-json\/wp\/v2\/pages\/8","targetHints":{"allow":["GET"]}}],"collection":[{"href":"https:\/\/micasamovilwb.com\/en\/wp-json\/wp\/v2\/pages"}],"about":[{"href":"https:\/\/micasamovilwb.com\/en\/wp-json\/wp\/v2\/types\/page"}],"author":[{"embeddable":true,"href":"https:\/\/micasamovilwb.com\/en\/wp-json\/wp\/v2\/users\/1"}],"replies":[{"embeddable":true,"href":"https:\/\/micasamovilwb.com\/en\/wp-json\/wp\/v2\/comments?post=8"}],"version-history":[{"count":145,"href":"https:\/\/micasamovilwb.com\/en\/wp-json\/wp\/v2\/pages\/8\/revisions"}],"predecessor-version":[{"id":440,"href":"https:\/\/micasamovilwb.com\/en\/wp-json\/wp\/v2\/pages\/8\/revisions\/440"}],"wp:attachment":[{"href":"https:\/\/micasamovilwb.com\/en\/wp-json\/wp\/v2\/media?parent=8"}],"curies":[{"name":"wp","href":"https:\/\/api.w.org\/{rel}","templated":true}]}}