{"id":2,"date":"2025-07-07T13:48:33","date_gmt":"2025-07-07T13:48:33","guid":{"rendered":"https:\/\/micasamovilwb.rkinformatika.online\/?page_id=2"},"modified":"2025-07-08T10:53:05","modified_gmt":"2025-07-08T10:53:05","slug":"inicio","status":"publish","type":"page","link":"https:\/\/micasamovilwb.com\/en\/","title":{"rendered":"Home"},"content":{"rendered":"<div data-elementor-type=\"wp-page\" data-elementor-id=\"2\" class=\"elementor elementor-2\" data-elementor-post-type=\"page\">\n\t\t\t\t<div class=\"elementor-element elementor-element-8a36097 e-flex e-con-boxed e-con e-parent\" data-id=\"8a36097\" data-element_type=\"container\" data-e-type=\"container\" data-settings=\"{&quot;background_background&quot;:&quot;classic&quot;}\">\n\t\t\t\t\t<div class=\"e-con-inner\">\n\t\t\t\t<div class=\"elementor-element elementor-element-e1810a3 animated-slow elementor-invisible elementor-widget elementor-widget-heading\" data-id=\"e1810a3\" data-element_type=\"widget\" data-e-type=\"widget\" data-settings=\"{&quot;_animation&quot;:&quot;fadeInRight&quot;}\" data-widget_type=\"heading.default\">\n\t\t\t\t\t<h2 class=\"elementor-heading-title elementor-size-default\">Welcome to<\/h2>\t\t\t\t<\/div>\n\t\t\t\t<div class=\"elementor-element elementor-element-5266a93 animated-slow elementor-invisible elementor-widget elementor-widget-heading\" data-id=\"5266a93\" data-element_type=\"widget\" data-e-type=\"widget\" data-settings=\"{&quot;_animation&quot;:&quot;fadeInRight&quot;,&quot;_animation_delay&quot;:300}\" data-widget_type=\"heading.default\">\n\t\t\t\t\t<h2 class=\"elementor-heading-title elementor-size-default\">MICASAMOVIL<\/h2>\t\t\t\t<\/div>\n\t\t\t\t\t<\/div>\n\t\t\t\t<\/div>\n\t\t<div class=\"elementor-element elementor-element-b7eeffe e-flex e-con-boxed e-con e-parent\" data-id=\"b7eeffe\" data-element_type=\"container\" data-e-type=\"container\">\n\t\t\t\t\t<div class=\"e-con-inner\">\n\t\t<div class=\"elementor-element elementor-element-5a13e0f e-con-full e-flex e-con e-child\" data-id=\"5a13e0f\" data-element_type=\"container\" data-e-type=\"container\">\n\t\t\t\t<div class=\"elementor-element elementor-element-11497e4 elementor-widget elementor-widget-heading\" data-id=\"11497e4\" data-element_type=\"widget\" data-e-type=\"widget\" data-widget_type=\"heading.default\">\n\t\t\t\t\t<h2 class=\"elementor-heading-title elementor-size-default\">About Us<\/h2>\t\t\t\t<\/div>\n\t\t\t\t<div class=\"elementor-element elementor-element-e656023 elementor-widget elementor-widget-text-editor\" data-id=\"e656023\" data-element_type=\"widget\" data-e-type=\"widget\" data-widget_type=\"text-editor.default\">\n\t\t\t\t\t\t\t\t\t<p data-start=\"204\" data-end=\"493\">At MICASAMOVIL we have been offering fast and reliable solutions for your mobile for over 1 year. From our location at Miguel Cervantes 52bis, we work every day to help you take care of and improve your device, whether with professional repairs or quality accessories.<\/p><p data-start=\"495\" data-end=\"518\">We are specialists in:<\/p><ul data-start=\"519\" data-end=\"691\"><li data-start=\"519\" data-end=\"567\"><p data-start=\"521\" data-end=\"567\">Sale of new and refurbished mobiles<\/p><\/li><li data-start=\"568\" data-end=\"615\"><p data-start=\"570\" data-end=\"615\">Repair of mobiles of all brands<\/p><\/li><li data-start=\"616\" data-end=\"691\"><p data-start=\"618\" data-end=\"691\">Sale of accessories such as cases, chargers, and screen protectors<\/p><\/li><\/ul>\t\t\t\t\t\t\t\t<\/div>\n\t\t\t\t<\/div>\n\t\t<div class=\"elementor-element elementor-element-cb58344 e-con-full e-flex e-con e-child\" data-id=\"cb58344\" data-element_type=\"container\" data-e-type=\"container\" data-settings=\"{&quot;background_background&quot;:&quot;classic&quot;}\">\n\t\t\t\t<div class=\"elementor-element elementor-element-e7c7a1b elementor-widget elementor-widget-spacer\" data-id=\"e7c7a1b\" data-element_type=\"widget\" data-e-type=\"widget\" data-widget_type=\"spacer.default\">\n\t\t\t\t\t\t\t<div class=\"elementor-spacer\">\n\t\t\t<div class=\"elementor-spacer-inner\"><\/div>\n\t\t<\/div>\n\t\t\t\t\t\t<\/div>\n\t\t\t\t<\/div>\n\t\t\t\t\t<\/div>\n\t\t\t\t<\/div>\n\t\t<div class=\"elementor-element elementor-element-00a30f6 e-flex e-con-boxed e-con e-parent\" data-id=\"00a30f6\" data-element_type=\"container\" data-e-type=\"container\" data-settings=\"{&quot;background_background&quot;:&quot;classic&quot;}\">\n\t\t\t\t\t<div class=\"e-con-inner\">\n\t\t\t\t<div class=\"elementor-element elementor-element-e4e06da elementor-widget elementor-widget-heading\" data-id=\"e4e06da\" data-element_type=\"widget\" data-e-type=\"widget\" data-widget_type=\"heading.default\">\n\t\t\t\t\t<h2 class=\"elementor-heading-title elementor-size-default\">Contact us for mobiles, accessories, and repairs.\n\n<\/h2>\t\t\t\t<\/div>\n\t\t\t\t<div class=\"elementor-element elementor-element-4bae998 elementor-align-center elementor-widget elementor-widget-button\" data-id=\"4bae998\" data-element_type=\"widget\" data-e-type=\"widget\" data-widget_type=\"button.default\">\n\t\t\t\t\t\t\t\t\t\t<a class=\"elementor-button elementor-button-link elementor-size-sm\" href=\"\/en\/contacto\/\">\n\t\t\t\t\t\t<span class=\"elementor-button-content-wrapper\">\n\t\t\t\t\t\t\t\t\t<span class=\"elementor-button-text\">Contact us<\/span>\n\t\t\t\t\t<\/span>\n\t\t\t\t\t<\/a>\n\t\t\t\t\t\t\t\t<\/div>\n\t\t\t\t\t<\/div>\n\t\t\t\t<\/div>\n\t\t\t\t<\/div>","protected":false},"excerpt":{"rendered":"<p>Bienvenidos a MICASAMOVIL Sobre Nosotros En MICASAMOVIL llevamos m\u00e1s de 1 a\u00f1o ofreciendo soluciones r\u00e1pidas y confiables para tu m\u00f3vil. Desde nuestro local en Miguel Cervantes 52bis, trabajamos cada d\u00eda para ayudarte a cuidar y mejorar tu dispositivo, ya sea con una reparaci\u00f3n profesional o con accesorios de calidad. Somos especialistas en: Venta de m\u00f3viles [&hellip;]<\/p>\n","protected":false},"author":1,"featured_media":0,"parent":0,"menu_order":0,"comment_status":"closed","ping_status":"closed","template":"elementor_canvas","meta":{"footnotes":""},"class_list":["post-2","page","type-page","status-publish","hentry"],"yoast_head":"<!-- This site is optimized with the Yoast SEO plugin v27.4 - https:\/\/yoast.com\/product\/yoast-seo-wordpress\/ -->\n<title>Inicio - micasamovil<\/title>\n<meta name=\"robots\" content=\"index, follow, max-snippet:-1, max-image-preview:large, max-video-preview:-1\" \/>\n<link rel=\"canonical\" href=\"https:\/\/micasamovilwb.com\/en\/\" \/>\n<meta property=\"og:locale\" content=\"en_GB\" \/>\n<meta property=\"og:type\" content=\"article\" \/>\n<meta property=\"og:title\" content=\"Inicio - micasamovil\" \/>\n<meta property=\"og:description\" content=\"Bienvenidos a MICASAMOVIL Sobre Nosotros En MICASAMOVIL llevamos m\u00e1s de 1 a\u00f1o ofreciendo soluciones r\u00e1pidas y confiables para tu m\u00f3vil. Desde nuestro local en Miguel Cervantes 52bis, trabajamos cada d\u00eda para ayudarte a cuidar y mejorar tu dispositivo, ya sea con una reparaci\u00f3n profesional o con accesorios de calidad. Somos especialistas en: Venta de m\u00f3viles [&hellip;]\" \/>\n<meta property=\"og:url\" content=\"https:\/\/micasamovilwb.com\/en\/\" \/>\n<meta property=\"og:site_name\" content=\"micasamovil\" \/>\n<meta property=\"article:modified_time\" content=\"2025-07-08T10:53:05+00:00\" \/>\n<meta name=\"twitter:card\" content=\"summary_large_image\" \/>\n<meta name=\"twitter:label1\" content=\"Estimated reading time\" \/>\n\t<meta name=\"twitter:data1\" content=\"1 minute\" \/>\n<script type=\"application\/ld+json\" class=\"yoast-schema-graph\">{\"@context\":\"https:\\\/\\\/schema.org\",\"@graph\":[{\"@type\":\"WebPage\",\"@id\":\"https:\\\/\\\/micasamovilwb.com\\\/\",\"url\":\"https:\\\/\\\/micasamovilwb.com\\\/\",\"name\":\"Inicio - micasamovil\",\"isPartOf\":{\"@id\":\"https:\\\/\\\/micasamovilwb.com\\\/#website\"},\"datePublished\":\"2025-07-07T13:48:33+00:00\",\"dateModified\":\"2025-07-08T10:53:05+00:00\",\"breadcrumb\":{\"@id\":\"https:\\\/\\\/micasamovilwb.com\\\/#breadcrumb\"},\"inLanguage\":\"en-GB\",\"potentialAction\":[{\"@type\":\"ReadAction\",\"target\":[\"https:\\\/\\\/micasamovilwb.com\\\/\"]}]},{\"@type\":\"BreadcrumbList\",\"@id\":\"https:\\\/\\\/micasamovilwb.com\\\/#breadcrumb\",\"itemListElement\":[{\"@type\":\"ListItem\",\"position\":1,\"name\":\"Portada\",\"item\":\"https:\\\/\\\/micasamovilwb.com\\\/\"},{\"@type\":\"ListItem\",\"position\":2,\"name\":\"Inicio\"}]},{\"@type\":\"WebSite\",\"@id\":\"https:\\\/\\\/micasamovilwb.com\\\/#website\",\"url\":\"https:\\\/\\\/micasamovilwb.com\\\/\",\"name\":\"micasamovil\",\"description\":\"\",\"publisher\":{\"@id\":\"https:\\\/\\\/micasamovilwb.com\\\/#organization\"},\"potentialAction\":[{\"@type\":\"SearchAction\",\"target\":{\"@type\":\"EntryPoint\",\"urlTemplate\":\"https:\\\/\\\/micasamovilwb.com\\\/?s={search_term_string}\"},\"query-input\":{\"@type\":\"PropertyValueSpecification\",\"valueRequired\":true,\"valueName\":\"search_term_string\"}}],\"inLanguage\":\"en-GB\"},{\"@type\":\"Organization\",\"@id\":\"https:\\\/\\\/micasamovilwb.com\\\/#organization\",\"name\":\"micasamovil\",\"url\":\"https:\\\/\\\/micasamovilwb.com\\\/\",\"logo\":{\"@type\":\"ImageObject\",\"inLanguage\":\"en-GB\",\"@id\":\"https:\\\/\\\/micasamovilwb.com\\\/#\\\/schema\\\/logo\\\/image\\\/\",\"url\":\"https:\\\/\\\/micasamovilwb.com\\\/wp-content\\\/uploads\\\/2025\\\/07\\\/cropped-1-e1751903072385.png\",\"contentUrl\":\"https:\\\/\\\/micasamovilwb.com\\\/wp-content\\\/uploads\\\/2025\\\/07\\\/cropped-1-e1751903072385.png\",\"width\":483,\"height\":177,\"caption\":\"micasamovil\"},\"image\":{\"@id\":\"https:\\\/\\\/micasamovilwb.com\\\/#\\\/schema\\\/logo\\\/image\\\/\"}}]}<\/script>\n<!-- \/ Yoast SEO plugin. -->","yoast_head_json":{"title":"Inicio - micasamovil","robots":{"index":"index","follow":"follow","max-snippet":"max-snippet:-1","max-image-preview":"max-image-preview:large","max-video-preview":"max-video-preview:-1"},"canonical":"https:\/\/micasamovilwb.com\/en\/","og_locale":"en_GB","og_type":"article","og_title":"Inicio - micasamovil","og_description":"Bienvenidos a MICASAMOVIL Sobre Nosotros En MICASAMOVIL llevamos m\u00e1s de 1 a\u00f1o ofreciendo soluciones r\u00e1pidas y confiables para tu m\u00f3vil. Desde nuestro local en Miguel Cervantes 52bis, trabajamos cada d\u00eda para ayudarte a cuidar y mejorar tu dispositivo, ya sea con una reparaci\u00f3n profesional o con accesorios de calidad. Somos especialistas en: Venta de m\u00f3viles [&hellip;]","og_url":"https:\/\/micasamovilwb.com\/en\/","og_site_name":"micasamovil","article_modified_time":"2025-07-08T10:53:05+00:00","twitter_card":"summary_large_image","twitter_misc":{"Estimated reading time":"1 minute"},"schema":{"@context":"https:\/\/schema.org","@graph":[{"@type":"WebPage","@id":"https:\/\/micasamovilwb.com\/","url":"https:\/\/micasamovilwb.com\/","name":"Inicio - micasamovil","isPartOf":{"@id":"https:\/\/micasamovilwb.com\/#website"},"datePublished":"2025-07-07T13:48:33+00:00","dateModified":"2025-07-08T10:53:05+00:00","breadcrumb":{"@id":"https:\/\/micasamovilwb.com\/#breadcrumb"},"inLanguage":"en-GB","potentialAction":[{"@type":"ReadAction","target":["https:\/\/micasamovilwb.com\/"]}]},{"@type":"BreadcrumbList","@id":"https:\/\/micasamovilwb.com\/#breadcrumb","itemListElement":[{"@type":"ListItem","position":1,"name":"Portada","item":"https:\/\/micasamovilwb.com\/"},{"@type":"ListItem","position":2,"name":"Inicio"}]},{"@type":"WebSite","@id":"https:\/\/micasamovilwb.com\/#website","url":"https:\/\/micasamovilwb.com\/","name":"micasamovil","description":"","publisher":{"@id":"https:\/\/micasamovilwb.com\/#organization"},"potentialAction":[{"@type":"SearchAction","target":{"@type":"EntryPoint","urlTemplate":"https:\/\/micasamovilwb.com\/?s={search_term_string}"},"query-input":{"@type":"PropertyValueSpecification","valueRequired":true,"valueName":"search_term_string"}}],"inLanguage":"en-GB"},{"@type":"Organization","@id":"https:\/\/micasamovilwb.com\/#organization","name":"micasamovil","url":"https:\/\/micasamovilwb.com\/","logo":{"@type":"ImageObject","inLanguage":"en-GB","@id":"https:\/\/micasamovilwb.com\/#\/schema\/logo\/image\/","url":"https:\/\/micasamovilwb.com\/wp-content\/uploads\/2025\/07\/cropped-1-e1751903072385.png","contentUrl":"https:\/\/micasamovilwb.com\/wp-content\/uploads\/2025\/07\/cropped-1-e1751903072385.png","width":483,"height":177,"caption":"micasamovil"},"image":{"@id":"https:\/\/micasamovilwb.com\/#\/schema\/logo\/image\/"}}]}},"_links":{"self":[{"href":"https:\/\/micasamovilwb.com\/en\/wp-json\/wp\/v2\/pages\/2","targetHints":{"allow":["GET"]}}],"collection":[{"href":"https:\/\/micasamovilwb.com\/en\/wp-json\/wp\/v2\/pages"}],"about":[{"href":"https:\/\/micasamovilwb.com\/en\/wp-json\/wp\/v2\/types\/page"}],"author":[{"embeddable":true,"href":"https:\/\/micasamovilwb.com\/en\/wp-json\/wp\/v2\/users\/1"}],"replies":[{"embeddable":true,"href":"https:\/\/micasamovilwb.com\/en\/wp-json\/wp\/v2\/comments?post=2"}],"version-history":[{"count":94,"href":"https:\/\/micasamovilwb.com\/en\/wp-json\/wp\/v2\/pages\/2\/revisions"}],"predecessor-version":[{"id":542,"href":"https:\/\/micasamovilwb.com\/en\/wp-json\/wp\/v2\/pages\/2\/revisions\/542"}],"wp:attachment":[{"href":"https:\/\/micasamovilwb.com\/en\/wp-json\/wp\/v2\/media?parent=2"}],"curies":[{"name":"wp","href":"https:\/\/api.w.org\/{rel}","templated":true}]}}